{"id":189,"date":"2016-05-08T17:22:51","date_gmt":"2016-05-08T17:22:51","guid":{"rendered":"https:\/\/oceanwp.org\/gym\/?page_id=189"},"modified":"2026-01-07T11:45:54","modified_gmt":"2026-01-07T11:45:54","slug":"about-us","status":"publish","type":"page","link":"https:\/\/abonnements-iptv-premium.com\/de\/about-us\/","title":{"rendered":"A propos de notre iptv"},"content":{"rendered":"<div data-elementor-type=\"wp-post\" data-elementor-id=\"189\" class=\"elementor elementor-189\">\n\t\t\t\t\t\t<section class=\"elementor-section elementor-top-section elementor-element elementor-element-d977375 elementor-section-boxed elementor-section-height-default elementor-section-height-default\" data-id=\"d977375\" data-element_type=\"section\" data-e-type=\"section\">\n\t\t\t\t\t\t<div class=\"elementor-container elementor-column-gap-default\">\n\t\t\t\t\t<div class=\"elementor-column elementor-col-100 elementor-top-column elementor-element elementor-element-b6ae903\" data-id=\"b6ae903\" data-element_type=\"column\" data-e-type=\"column\">\n\t\t\t<div class=\"elementor-widget-wrap elementor-element-populated\">\n\t\t\t\t\t\t<div class=\"elementor-element elementor-element-0909aec elementor-widget elementor-widget-image\" data-id=\"0909aec\" data-element_type=\"widget\" data-e-type=\"widget\" data-widget_type=\"image.default\">\n\t\t\t\t<div class=\"elementor-widget-container\">\n\t\t\t\t\t\t\t\t\t\t\t\t\t\t\t<img fetchpriority=\"high\" decoding=\"async\" width=\"270\" height=\"270\" src=\"https:\/\/abonnements-iptv-premium.com\/wp-content\/uploads\/2025\/12\/cropped-cropped-IMG_77A5A062EEC7-1-Photoroom-270x270-1.png\" class=\"attachment-full size-full wp-image-11\" alt=\"abonnements iptv premium\" srcset=\"https:\/\/abonnements-iptv-premium.com\/wp-content\/uploads\/2025\/12\/cropped-cropped-IMG_77A5A062EEC7-1-Photoroom-270x270-1.png 270w, https:\/\/abonnements-iptv-premium.com\/wp-content\/uploads\/2025\/12\/cropped-cropped-IMG_77A5A062EEC7-1-Photoroom-270x270-1-100x100.png 100w, https:\/\/abonnements-iptv-premium.com\/wp-content\/uploads\/2025\/12\/cropped-cropped-IMG_77A5A062EEC7-1-Photoroom-270x270-1-150x150.png 150w\" sizes=\"(max-width: 270px) 100vw, 270px\" \/>\t\t\t\t\t\t\t\t\t\t\t\t\t\t\t<\/div>\n\t\t\t\t<\/div>\n\t\t\t\t<div class=\"elementor-element elementor-element-47cc5bf elementor-widget elementor-widget-heading\" data-id=\"47cc5bf\" data-element_type=\"widget\" data-e-type=\"widget\" data-widget_type=\"heading.default\">\n\t\t\t\t<div class=\"elementor-widget-container\">\n\t\t\t\t\t<h2 class=\"elementor-heading-title elementor-size-default\">Unser Ziel:\n<\/h2>\t\t\t\t<\/div>\n\t\t\t\t<\/div>\n\t\t\t\t<div class=\"elementor-element elementor-element-430d8e1 elementor-widget elementor-widget-text-editor\" data-id=\"430d8e1\" data-element_type=\"widget\" data-e-type=\"widget\" data-widget_type=\"text-editor.default\">\n\t\t\t\t<div class=\"elementor-widget-container\">\n\t\t\t\t\t\t\t\t\t<p>Ver\u00e4ndern Sie Ihr Fernseherlebnis<br \/>Im Haus von <span style=\"text-decoration: underline;\"><strong><a href=\"https:\/\/abonnements-iptv-premium.com\/de\/\">Premium IPTV<\/a><\/strong><\/span>Wir sind der Ansicht, dass jeder qualitativ hochwertige Inhalte genie\u00dfen sollte, ohne Kompromisse eingehen zu m\u00fcssen.<\/p>\t\t\t\t\t\t\t\t<\/div>\n\t\t\t\t<\/div>\n\t\t\t\t\t<\/div>\n\t\t<\/div>\n\t\t\t\t\t<\/div>\n\t\t<\/section>\n\t\t\t\t<section class=\"elementor-section elementor-top-section elementor-element elementor-element-23afc71 elementor-section-content-middle elementor-section-boxed elementor-section-height-default elementor-section-height-default\" data-id=\"23afc71\" data-element_type=\"section\" data-e-type=\"section\" data-settings=\"{&quot;background_background&quot;:&quot;classic&quot;}\">\n\t\t\t\t\t\t<div class=\"elementor-container elementor-column-gap-no\">\n\t\t\t\t\t<div class=\"elementor-column elementor-col-100 elementor-top-column elementor-element elementor-element-1c4d520\" data-id=\"1c4d520\" data-element_type=\"column\" data-e-type=\"column\">\n\t\t\t<div class=\"elementor-widget-wrap elementor-element-populated\">\n\t\t\t\t\t\t<section class=\"elementor-section elementor-inner-section elementor-element elementor-element-1624a65 elementor-section-boxed elementor-section-height-default elementor-section-height-default\" data-id=\"1624a65\" data-element_type=\"section\" data-e-type=\"section\">\n\t\t\t\t\t\t<div class=\"elementor-container elementor-column-gap-default\">\n\t\t\t\t\t<div class=\"elementor-column elementor-col-33 elementor-inner-column elementor-element elementor-element-398bb86\" data-id=\"398bb86\" data-element_type=\"column\" data-e-type=\"column\" data-settings=\"{&quot;background_background&quot;:&quot;classic&quot;}\">\n\t\t\t<div class=\"elementor-widget-wrap elementor-element-populated\">\n\t\t\t\t\t\t<div class=\"elementor-element elementor-element-3714a03 elementor-view-default elementor-position-block-start elementor-mobile-position-block-start elementor-widget elementor-widget-icon-box\" data-id=\"3714a03\" data-element_type=\"widget\" data-e-type=\"widget\" data-widget_type=\"icon-box.default\">\n\t\t\t\t<div class=\"elementor-widget-container\">\n\t\t\t\t\t\t\t<div class=\"elementor-icon-box-wrapper\">\n\n\t\t\t\t\t\t<div class=\"elementor-icon-box-icon\">\n\t\t\t\t<span  class=\"elementor-icon elementor-animation-grow\">\n\t\t\t\t<i aria-hidden=\"true\" class=\"fas fa-tv\"><\/i>\t\t\t\t<\/span>\n\t\t\t<\/div>\n\t\t\t\n\t\t\t\t\t\t<div class=\"elementor-icon-box-content\">\n\n\t\t\t\t\t\t\t\t\t<h3 class=\"elementor-icon-box-title\">\n\t\t\t\t\t\t<span  >\n\t\t\t\t\t\t\tIPTV auf Ihrem Fernseher ansehen\t\t\t\t\t\t<\/span>\n\t\t\t\t\t<\/h3>\n\t\t\t\t\n\t\t\t\t\t\t\t\t\t<p class=\"elementor-icon-box-description\">\n\t\t\t\t\t\tAnsehen auf Ihrem Smart-TV, PC, Firestick, Smartphone, Chromecast, Apple TV und vielem mehr.\t\t\t\t\t<\/p>\n\t\t\t\t\n\t\t\t<\/div>\n\t\t\t\n\t\t<\/div>\n\t\t\t\t\t\t<\/div>\n\t\t\t\t<\/div>\n\t\t\t\t\t<\/div>\n\t\t<\/div>\n\t\t\t\t<div class=\"elementor-column elementor-col-33 elementor-inner-column elementor-element elementor-element-75f32ef\" data-id=\"75f32ef\" data-element_type=\"column\" data-e-type=\"column\" data-settings=\"{&quot;background_background&quot;:&quot;classic&quot;}\">\n\t\t\t<div class=\"elementor-widget-wrap elementor-element-populated\">\n\t\t\t\t\t\t<div class=\"elementor-element elementor-element-46f1b80 elementor-view-default elementor-position-block-start elementor-mobile-position-block-start elementor-widget elementor-widget-icon-box\" data-id=\"46f1b80\" data-element_type=\"widget\" data-e-type=\"widget\" data-widget_type=\"icon-box.default\">\n\t\t\t\t<div class=\"elementor-widget-container\">\n\t\t\t\t\t\t\t<div class=\"elementor-icon-box-wrapper\">\n\n\t\t\t\t\t\t<div class=\"elementor-icon-box-icon\">\n\t\t\t\t<span  class=\"elementor-icon elementor-animation-grow\">\n\t\t\t\t<i aria-hidden=\"true\" class=\"fas fa-server\"><\/i>\t\t\t\t<\/span>\n\t\t\t<\/div>\n\t\t\t\n\t\t\t\t\t\t<div class=\"elementor-icon-box-content\">\n\n\t\t\t\t\t\t\t\t\t<h3 class=\"elementor-icon-box-title\">\n\t\t\t\t\t\t<span  >\n\t\t\t\t\t\t\tWo immer du bist\t\t\t\t\t\t<\/span>\n\t\t\t\t\t<\/h3>\n\t\t\t\t\n\t\t\t\t\t\t\t\t\t<p class=\"elementor-icon-box-description\">\n\t\t\t\t\t\tSehen Sie Ihre Lieblingssender, Filme und Serien mit unbegrenztem Zugriff auf Ihrem Fernseher, Smartphone, Tablet und Computer.\t\t\t\t\t<\/p>\n\t\t\t\t\n\t\t\t<\/div>\n\t\t\t\n\t\t<\/div>\n\t\t\t\t\t\t<\/div>\n\t\t\t\t<\/div>\n\t\t\t\t\t<\/div>\n\t\t<\/div>\n\t\t\t\t<div class=\"elementor-column elementor-col-33 elementor-inner-column elementor-element elementor-element-e4f185a\" data-id=\"e4f185a\" data-element_type=\"column\" data-e-type=\"column\" data-settings=\"{&quot;background_background&quot;:&quot;classic&quot;}\">\n\t\t\t<div class=\"elementor-widget-wrap elementor-element-populated\">\n\t\t\t\t\t\t<div class=\"elementor-element elementor-element-dffc66f elementor-view-default elementor-position-block-start elementor-mobile-position-block-start elementor-widget elementor-widget-icon-box\" data-id=\"dffc66f\" data-element_type=\"widget\" data-e-type=\"widget\" data-widget_type=\"icon-box.default\">\n\t\t\t\t<div class=\"elementor-widget-container\">\n\t\t\t\t\t\t\t<div class=\"elementor-icon-box-wrapper\">\n\n\t\t\t\t\t\t<div class=\"elementor-icon-box-icon\">\n\t\t\t\t<span  class=\"elementor-icon elementor-animation-grow\">\n\t\t\t\t<i aria-hidden=\"true\" class=\"fab fa-rocketchat\"><\/i>\t\t\t\t<\/span>\n\t\t\t<\/div>\n\t\t\t\n\t\t\t\t\t\t<div class=\"elementor-icon-box-content\">\n\n\t\t\t\t\t\t\t\t\t<h3 class=\"elementor-icon-box-title\">\n\t\t\t\t\t\t<span  >\n\t\t\t\t\t\t\tKundensupport rund um die Uhr\t\t\t\t\t\t<\/span>\n\t\t\t\t\t<\/h3>\n\t\t\t\t\n\t\t\t\t\t\t\t\t\t<p class=\"elementor-icon-box-description\">\n\t\t\t\t\t\tUnser Support-Team steht Ihnen zur Verf\u00fcgung, um Ihre Fragen zu beantworten und Ihre Probleme schnell zu l\u00f6sen.\t\t\t\t\t<\/p>\n\t\t\t\t\n\t\t\t<\/div>\n\t\t\t\n\t\t<\/div>\n\t\t\t\t\t\t<\/div>\n\t\t\t\t<\/div>\n\t\t\t\t\t<\/div>\n\t\t<\/div>\n\t\t\t\t\t<\/div>\n\t\t<\/section>\n\t\t\t\t\t<\/div>\n\t\t<\/div>\n\t\t\t\t\t<\/div>\n\t\t<\/section>\n\t\t\t\t<section class=\"elementor-section elementor-top-section elementor-element elementor-element-f30b757 elementor-section-content-middle elementor-section-boxed elementor-section-height-default elementor-section-height-default\" data-id=\"f30b757\" data-element_type=\"section\" data-e-type=\"section\" data-settings=\"{&quot;background_background&quot;:&quot;classic&quot;}\">\n\t\t\t\t\t\t<div class=\"elementor-container elementor-column-gap-default\">\n\t\t\t\t\t<div class=\"elementor-column elementor-col-50 elementor-top-column elementor-element elementor-element-6ecd1b8\" data-id=\"6ecd1b8\" data-element_type=\"column\" data-e-type=\"column\">\n\t\t\t<div class=\"elementor-widget-wrap elementor-element-populated\">\n\t\t\t\t\t\t<div class=\"elementor-element elementor-element-fb1932c elementor-hidden-phone elementor-widget__width-inherit elementor-widget elementor-widget-image\" data-id=\"fb1932c\" data-element_type=\"widget\" data-e-type=\"widget\" data-widget_type=\"image.default\">\n\t\t\t\t<div class=\"elementor-widget-container\">\n\t\t\t\t\t\t\t\t\t\t\t\t\t\t\t<img decoding=\"async\" width=\"1068\" height=\"889\" src=\"https:\/\/abonnements-iptv-premium.com\/wp-content\/uploads\/2026\/01\/visual-iptv.png\" class=\"attachment-full size-full wp-image-854\" alt=\"visual iptv\" srcset=\"https:\/\/abonnements-iptv-premium.com\/wp-content\/uploads\/2026\/01\/visual-iptv.png 1068w, https:\/\/abonnements-iptv-premium.com\/wp-content\/uploads\/2026\/01\/visual-iptv-300x250.webp 300w, https:\/\/abonnements-iptv-premium.com\/wp-content\/uploads\/2026\/01\/visual-iptv-600x499.png 600w, https:\/\/abonnements-iptv-premium.com\/wp-content\/uploads\/2026\/01\/visual-iptv-1024x852.webp 1024w, https:\/\/abonnements-iptv-premium.com\/wp-content\/uploads\/2026\/01\/visual-iptv-768x639.webp 768w, https:\/\/abonnements-iptv-premium.com\/wp-content\/uploads\/2026\/01\/visual-iptv-14x12.webp 14w\" sizes=\"(max-width: 1068px) 100vw, 1068px\" \/>\t\t\t\t\t\t\t\t\t\t\t\t\t\t\t<\/div>\n\t\t\t\t<\/div>\n\t\t\t\t\t<\/div>\n\t\t<\/div>\n\t\t\t\t<div class=\"elementor-column elementor-col-50 elementor-top-column elementor-element elementor-element-6e84fdf\" data-id=\"6e84fdf\" data-element_type=\"column\" data-e-type=\"column\">\n\t\t\t<div class=\"elementor-widget-wrap elementor-element-populated\">\n\t\t\t\t\t\t<div class=\"elementor-element elementor-element-247a6d6 elementor-widget elementor-widget-image\" data-id=\"247a6d6\" data-element_type=\"widget\" data-e-type=\"widget\" data-widget_type=\"image.default\">\n\t\t\t\t<div class=\"elementor-widget-container\">\n\t\t\t\t\t\t\t\t\t\t\t\t\t\t\t<img fetchpriority=\"high\" decoding=\"async\" width=\"270\" height=\"270\" src=\"https:\/\/abonnements-iptv-premium.com\/wp-content\/uploads\/2025\/12\/cropped-cropped-IMG_77A5A062EEC7-1-Photoroom-270x270-1.png\" class=\"attachment-full size-full wp-image-11\" alt=\"abonnements iptv premium\" srcset=\"https:\/\/abonnements-iptv-premium.com\/wp-content\/uploads\/2025\/12\/cropped-cropped-IMG_77A5A062EEC7-1-Photoroom-270x270-1.png 270w, https:\/\/abonnements-iptv-premium.com\/wp-content\/uploads\/2025\/12\/cropped-cropped-IMG_77A5A062EEC7-1-Photoroom-270x270-1-100x100.png 100w, https:\/\/abonnements-iptv-premium.com\/wp-content\/uploads\/2025\/12\/cropped-cropped-IMG_77A5A062EEC7-1-Photoroom-270x270-1-150x150.png 150w\" sizes=\"(max-width: 270px) 100vw, 270px\" \/>\t\t\t\t\t\t\t\t\t\t\t\t\t\t\t<\/div>\n\t\t\t\t<\/div>\n\t\t\t\t<div class=\"elementor-element elementor-element-7b02b66 center-mobile elementor-widget elementor-widget-heading\" data-id=\"7b02b66\" data-element_type=\"widget\" data-e-type=\"widget\" data-widget_type=\"heading.default\">\n\t\t\t\t<div class=\"elementor-widget-container\">\n\t\t\t\t\t<h2 class=\"elementor-heading-title elementor-size-default\">Um Ihre Bestellung aufzugeben <span style=\"color: #2EB454\">IPTV<\/span><\/h2>\t\t\t\t<\/div>\n\t\t\t\t<\/div>\n\t\t\t\t<div class=\"elementor-element elementor-element-bf1461c elementor-vertical-align-middle elementor-widget elementor-widget-image-box\" data-id=\"bf1461c\" data-element_type=\"widget\" data-e-type=\"widget\" data-widget_type=\"image-box.default\">\n\t\t\t\t<div class=\"elementor-widget-container\">\n\t\t\t\t\t<div class=\"elementor-image-box-wrapper\"><div class=\"elementor-image-box-content\"><h3 class=\"elementor-image-box-title\">1. Geben Sie Ihre Bestellung auf.<\/h3><p class=\"elementor-image-box-description\">Geben Sie die erforderlichen Informationen zu Ihrem Ger\u00e4t an und f\u00fcgen Sie bei Bedarf eine Notiz hinzu. W\u00e4hlen Sie anschlie\u00dfend Ihre bevorzugte Zahlungsmethode.<\/p><\/div><\/div>\t\t\t\t<\/div>\n\t\t\t\t<\/div>\n\t\t\t\t<div class=\"elementor-element elementor-element-9d59ceb elementor-vertical-align-middle elementor-widget elementor-widget-image-box\" data-id=\"9d59ceb\" data-element_type=\"widget\" data-e-type=\"widget\" data-widget_type=\"image-box.default\">\n\t\t\t\t<div class=\"elementor-widget-container\">\n\t\t\t\t\t<div class=\"elementor-image-box-wrapper\"><div class=\"elementor-image-box-content\"><h3 class=\"elementor-image-box-title\">2. Wie ist die Vorgehensweise?<\/h3><p class=\"elementor-image-box-description\">Dieser Vorgang dauert in der Regel 15 bis 30 Minuten. Bitte pr\u00fcfen Sie Ihren Posteingang und Ihren Spam-Ordner. Um die Bearbeitung zu beschleunigen, kontaktieren Sie uns bitte \u00fcber WhatsApp.<\/p><\/div><\/div>\t\t\t\t<\/div>\n\t\t\t\t<\/div>\n\t\t\t\t<div class=\"elementor-element elementor-element-a2ebf50 elementor-vertical-align-middle elementor-widget elementor-widget-image-box\" data-id=\"a2ebf50\" data-element_type=\"widget\" data-e-type=\"widget\" data-widget_type=\"image-box.default\">\n\t\t\t\t<div class=\"elementor-widget-container\">\n\t\t\t\t\t<div class=\"elementor-image-box-wrapper\"><div class=\"elementor-image-box-content\"><h3 class=\"elementor-image-box-title\">3. Genie\u00dfen Sie unseren IPTV-Service!<\/h3><p class=\"elementor-image-box-description\">Schauen Sie sich jetzt all Ihre Lieblingssender, Filme und Serien an! Egal ob auf einem Smart-TV oder einer Set-Top-Box, allein, mit Familie oder Freunden \u2013 es gibt immer etwas Neues zu entdecken und anzusehen.<\/p><\/div><\/div>\t\t\t\t<\/div>\n\t\t\t\t<\/div>\n\t\t\t\t\t<\/div>\n\t\t<\/div>\n\t\t\t\t\t<\/div>\n\t\t<\/section>\n\t\t\t\t<\/div>","protected":false},"excerpt":{"rendered":"<p>Notre objectif : Transformer votre exp\u00e9rience tvChez IPTV Premium, nous estimons que tout le monde devrait profiter d&rsquo;un contenu de qualit\u00e9, sans devoir faire de compromis Regardez iptv sur votre TV\u200b Regardez sur votre Smart TV, Pc, Firestick, Telephone, Chromecast, Apple TV, et bien plus encore. O\u00f9 que vous soyez\u200b Regardez vos chaines, des films&#8230;<\/p>","protected":false},"author":1,"featured_media":0,"parent":0,"menu_order":0,"comment_status":"closed","ping_status":"closed","template":"","meta":{"_kad_post_transparent":"","_kad_post_title":"","_kad_post_layout":"","_kad_post_sidebar_id":"","_kad_post_content_style":"","_kad_post_vertical_padding":"","_kad_post_feature":"","_kad_post_feature_position":"","_kad_post_header":false,"_kad_post_footer":false,"_kad_post_classname":"","footnotes":""},"class_list":["post-189","page","type-page","status-publish","hentry"],"_links":{"self":[{"href":"https:\/\/abonnements-iptv-premium.com\/de\/wp-json\/wp\/v2\/pages\/189","targetHints":{"allow":["GET"]}}],"collection":[{"href":"https:\/\/abonnements-iptv-premium.com\/de\/wp-json\/wp\/v2\/pages"}],"about":[{"href":"https:\/\/abonnements-iptv-premium.com\/de\/wp-json\/wp\/v2\/types\/page"}],"author":[{"embeddable":true,"href":"https:\/\/abonnements-iptv-premium.com\/de\/wp-json\/wp\/v2\/users\/1"}],"replies":[{"embeddable":true,"href":"https:\/\/abonnements-iptv-premium.com\/de\/wp-json\/wp\/v2\/comments?post=189"}],"version-history":[{"count":5,"href":"https:\/\/abonnements-iptv-premium.com\/de\/wp-json\/wp\/v2\/pages\/189\/revisions"}],"predecessor-version":[{"id":868,"href":"https:\/\/abonnements-iptv-premium.com\/de\/wp-json\/wp\/v2\/pages\/189\/revisions\/868"}],"wp:attachment":[{"href":"https:\/\/abonnements-iptv-premium.com\/de\/wp-json\/wp\/v2\/media?parent=189"}],"curies":[{"name":"wp","href":"https:\/\/api.w.org\/{rel}","templated":true}]}}