{"id":1192,"date":"2026-01-23T10:07:55","date_gmt":"2026-01-23T10:07:55","guid":{"rendered":"https:\/\/abonnements-iptv-premium.com\/?post_type=product&#038;p=1192"},"modified":"2026-03-12T03:13:46","modified_gmt":"2026-03-12T03:13:46","slug":"iptv-premium-3-mois","status":"publish","type":"product","link":"https:\/\/abonnements-iptv-premium.com\/de\/produkt\/iptv-premium-3-mois\/","title":{"rendered":"IPTV Premium 3 Monate"},"content":{"rendered":"<p>Das 3-monatige Premium-IPTV-Abonnement ist das ideale Paket f\u00fcr ein ganzes Jahr ununterbrochenen Entertainment-Genuss. Dieses umfassende Abonnement beinhaltet:<\/p>\n<p>Mit diesem Quartalspaket profitieren Sie von unterbrechungsfreier Stabilit\u00e4t, einem umfangreichen und vielf\u00e4ltigen Angebot an Inhalten und einem erstklassigen IPTV-Erlebnis, das all Ihre Unterhaltungsbed\u00fcrfnisse erf\u00fcllt.<\/p>","protected":false},"excerpt":{"rendered":"<p>\u2714\ufe0f \u00dcber 20.000 verschiedene Kan\u00e4le<\/p>\n<p>\u2714\ufe0f \u00dcber 80.000 Filme und Serien<\/p>\n<p>\u2714\ufe0f Kompatibel mit allen Ger\u00e4ten: Android, iOS, PC<\/p>\n<p>\u2714\ufe0f Integrierter Fernsehprogrammf\u00fchrer (EPG)<\/p>\n<p>\u2714\ufe0f Regelm\u00e4\u00dfige Inhaltsaktualisierungen<\/p>\n<p>\u2714\ufe0f Technischer Support rund um die Uhr verf\u00fcgbar<\/p>\n<p>\u2714\ufe0f 4K\/HD\/FHD\/SHD-Qualit\u00e4t<\/p>\n<p>&nbsp;<\/p>","protected":false},"featured_media":1190,"template":"","meta":{"_kad_post_transparent":"default","_kad_post_title":"","_kad_post_layout":"default","_kad_post_sidebar_id":"","_kad_post_content_style":"default","_kad_post_vertical_padding":"default","_kad_post_feature":"","_kad_post_feature_position":"","_kad_post_header":false,"_kad_post_footer":false,"_kad_post_classname":""},"product_brand":[],"product_cat":[15],"product_tag":[],"class_list":{"0":"post-1192","1":"product","2":"type-product","3":"status-publish","4":"has-post-thumbnail","6":"product_cat-iptv-premium","8":"first","9":"instock","10":"virtual","11":"sold-individually","12":"purchasable","13":"product-type-simple","14":"entry","15":"content-bg","16":"loop-entry"},"_links":{"self":[{"href":"https:\/\/abonnements-iptv-premium.com\/de\/wp-json\/wp\/v2\/product\/1192","targetHints":{"allow":["GET"]}}],"collection":[{"href":"https:\/\/abonnements-iptv-premium.com\/de\/wp-json\/wp\/v2\/product"}],"about":[{"href":"https:\/\/abonnements-iptv-premium.com\/de\/wp-json\/wp\/v2\/types\/product"}],"wp:featuredmedia":[{"embeddable":true,"href":"https:\/\/abonnements-iptv-premium.com\/de\/wp-json\/wp\/v2\/media\/1190"}],"wp:attachment":[{"href":"https:\/\/abonnements-iptv-premium.com\/de\/wp-json\/wp\/v2\/media?parent=1192"}],"wp:term":[{"taxonomy":"product_brand","embeddable":true,"href":"https:\/\/abonnements-iptv-premium.com\/de\/wp-json\/wp\/v2\/product_brand?post=1192"},{"taxonomy":"product_cat","embeddable":true,"href":"https:\/\/abonnements-iptv-premium.com\/de\/wp-json\/wp\/v2\/product_cat?post=1192"},{"taxonomy":"product_tag","embeddable":true,"href":"https:\/\/abonnements-iptv-premium.com\/de\/wp-json\/wp\/v2\/product_tag?post=1192"}],"curies":[{"name":"wp","href":"https:\/\/api.w.org\/{rel}","templated":true}]}}