{"id":956,"date":"2026-01-14T14:58:31","date_gmt":"2026-01-14T14:58:31","guid":{"rendered":"https:\/\/abonnements-iptv-premium.com\/?post_type=product&#038;p=956"},"modified":"2026-03-12T03:14:55","modified_gmt":"2026-03-12T03:14:55","slug":"code-iptv-6-mois-pas-cher","status":"publish","type":"product","link":"https:\/\/abonnements-iptv-premium.com\/de\/produkt\/code-iptv-6-mois-pas-cher\/","title":{"rendered":"6-Monats-IPTV-Code"},"content":{"rendered":"","protected":false},"excerpt":{"rendered":"<p>Das preisg\u00fcnstige 6-Monats-IPTV-Abonnement ist die ideale M\u00f6glichkeit, ein ganzes Jahr ununterbrochene Unterhaltung zu genie\u00dfen. Dieses umfassende Abonnement beinhaltet:<\/p>\n<p>\u2714\ufe0f \u00dcber 12.000 verschiedene Kan\u00e4le<\/p>\n<p>\u2714\ufe0f \u00dcber 50.000 Filme und Serien<\/p>\n<p>\u2714\ufe0f Kompatibel mit allen Ger\u00e4ten: Android, iOS, PC<\/p>\n<p>\u2714\ufe0f Integrierter Fernsehprogrammf\u00fchrer (EPG)<\/p>\n<p>\u2714\ufe0f Regelm\u00e4\u00dfige Inhaltsaktualisierungen<\/p>\n<p>\u2714\ufe0f Technischer Support rund um die Uhr verf\u00fcgbar<\/p>\n<p>\u2714\ufe0f HD\/FHD\/SHD-Qualit\u00e4t<\/p>\n<p>Mit diesem Jahresabonnement profitieren Sie von unterbrechungsfreier Stabilit\u00e4t, einem umfangreichen und vielf\u00e4ltigen Angebot an Inhalten und einem erstklassigen IPTV-Erlebnis, das all Ihre Unterhaltungsbed\u00fcrfnisse erf\u00fcllt.<\/p>\n<p>&nbsp;<\/p>","protected":false},"featured_media":1147,"template":"","meta":{"_kad_post_transparent":"default","_kad_post_title":"","_kad_post_layout":"default","_kad_post_sidebar_id":"","_kad_post_content_style":"default","_kad_post_vertical_padding":"default","_kad_post_feature":"","_kad_post_feature_position":"","_kad_post_header":false,"_kad_post_footer":false,"_kad_post_classname":""},"product_brand":[],"product_cat":[22],"product_tag":[],"class_list":{"0":"post-956","1":"product","2":"type-product","3":"status-publish","4":"has-post-thumbnail","6":"product_cat-iptv-pas-cher","8":"first","9":"instock","10":"virtual","11":"sold-individually","12":"purchasable","13":"product-type-simple","14":"entry","15":"content-bg","16":"loop-entry"},"_links":{"self":[{"href":"https:\/\/abonnements-iptv-premium.com\/de\/wp-json\/wp\/v2\/product\/956","targetHints":{"allow":["GET"]}}],"collection":[{"href":"https:\/\/abonnements-iptv-premium.com\/de\/wp-json\/wp\/v2\/product"}],"about":[{"href":"https:\/\/abonnements-iptv-premium.com\/de\/wp-json\/wp\/v2\/types\/product"}],"wp:featuredmedia":[{"embeddable":true,"href":"https:\/\/abonnements-iptv-premium.com\/de\/wp-json\/wp\/v2\/media\/1147"}],"wp:attachment":[{"href":"https:\/\/abonnements-iptv-premium.com\/de\/wp-json\/wp\/v2\/media?parent=956"}],"wp:term":[{"taxonomy":"product_brand","embeddable":true,"href":"https:\/\/abonnements-iptv-premium.com\/de\/wp-json\/wp\/v2\/product_brand?post=956"},{"taxonomy":"product_cat","embeddable":true,"href":"https:\/\/abonnements-iptv-premium.com\/de\/wp-json\/wp\/v2\/product_cat?post=956"},{"taxonomy":"product_tag","embeddable":true,"href":"https:\/\/abonnements-iptv-premium.com\/de\/wp-json\/wp\/v2\/product_tag?post=956"}],"curies":[{"name":"wp","href":"https:\/\/api.w.org\/{rel}","templated":true}]}}