{"id":1193,"date":"2026-01-23T10:11:45","date_gmt":"2026-01-23T10:11:45","guid":{"rendered":"https:\/\/abonnements-iptv-premium.com\/?post_type=product&#038;p=1193"},"modified":"2026-03-12T03:13:11","modified_gmt":"2026-03-12T03:13:11","slug":"iptv-premium-6-mois","status":"publish","type":"product","link":"https:\/\/abonnements-iptv-premium.com\/nl\/product\/iptv-premium-6-mois\/","title":{"rendered":"iptv premium 6 Mois"},"content":{"rendered":"<p>l&rsquo;abonnement IPTV Premium 6 mois, la formule id\u00e9ale pour profiter d&rsquo;une ann\u00e9e enti\u00e8re de divertissement sans interruption. Cet abonnement complet comprend :<\/p>\n<p>Avec ce forfait 6 mois, vous b\u00e9n\u00e9ficiez d&rsquo;une stabilit\u00e9 sans temps mort, d&rsquo;une vaste gamme riche et d&rsquo;une exp\u00e9rience IPTV Premium con\u00e7ue pour r\u00e9pondre \u00e0 tous vos besoins en mati\u00e8re de divertissement.<\/p>","protected":false},"excerpt":{"rendered":"<p>\u2714\ufe0f Plus de 20.000 cha\u00eenes vari\u00e9es<\/p>\n<p>\u2714\ufe0f Plus de 80.000 films et s\u00e9ries<\/p>\n<p>\u2714\ufe0f Compatible avec tous les appareils : Android, iOS, PC<\/p>\n<p>\u2714\ufe0f Guide TV int\u00e9gr\u00e9 (EPG)<\/p>\n<p>\u2714\ufe0f Mises \u00e0 jour r\u00e9guli\u00e8res du contenu<\/p>\n<p>\u2714\ufe0f Assistance technique disponible 24h\/24 et 7j\/7<\/p>\n<p>\u2714\ufe0f Qualit\u00e9 4k\/HD\/FHD\/SHD<\/p>\n<p>&nbsp;<\/p>","protected":false},"featured_media":1190,"template":"","meta":{"_kad_post_transparent":"default","_kad_post_title":"","_kad_post_layout":"default","_kad_post_sidebar_id":"","_kad_post_content_style":"default","_kad_post_vertical_padding":"default","_kad_post_feature":"","_kad_post_feature_position":"","_kad_post_header":false,"_kad_post_footer":false,"_kad_post_classname":""},"product_brand":[],"product_cat":[15],"product_tag":[],"class_list":{"0":"post-1193","1":"product","2":"type-product","3":"status-publish","4":"has-post-thumbnail","6":"product_cat-iptv-premium","8":"first","9":"instock","10":"virtual","11":"sold-individually","12":"purchasable","13":"product-type-simple","14":"entry","15":"content-bg","16":"loop-entry"},"_links":{"self":[{"href":"https:\/\/abonnements-iptv-premium.com\/nl\/wp-json\/wp\/v2\/product\/1193","targetHints":{"allow":["GET"]}}],"collection":[{"href":"https:\/\/abonnements-iptv-premium.com\/nl\/wp-json\/wp\/v2\/product"}],"about":[{"href":"https:\/\/abonnements-iptv-premium.com\/nl\/wp-json\/wp\/v2\/types\/product"}],"wp:featuredmedia":[{"embeddable":true,"href":"https:\/\/abonnements-iptv-premium.com\/nl\/wp-json\/wp\/v2\/media\/1190"}],"wp:attachment":[{"href":"https:\/\/abonnements-iptv-premium.com\/nl\/wp-json\/wp\/v2\/media?parent=1193"}],"wp:term":[{"taxonomy":"product_brand","embeddable":true,"href":"https:\/\/abonnements-iptv-premium.com\/nl\/wp-json\/wp\/v2\/product_brand?post=1193"},{"taxonomy":"product_cat","embeddable":true,"href":"https:\/\/abonnements-iptv-premium.com\/nl\/wp-json\/wp\/v2\/product_cat?post=1193"},{"taxonomy":"product_tag","embeddable":true,"href":"https:\/\/abonnements-iptv-premium.com\/nl\/wp-json\/wp\/v2\/product_tag?post=1193"}],"curies":[{"name":"wp","href":"https:\/\/api.w.org\/{rel}","templated":true}]}}